{"id":100,"date":"2025-02-07T05:38:24","date_gmt":"2025-02-07T04:38:24","guid":{"rendered":"https:\/\/help-admin.com\/?page_id=100"},"modified":"2025-03-07T15:29:52","modified_gmt":"2025-03-07T14:29:52","slug":"tarifs","status":"publish","type":"page","link":"https:\/\/help-admin.com\/index.php\/tarifs\/","title":{"rendered":"Tarifs"},"content":{"rendered":"\t\t<div data-elementor-type=\"wp-page\" data-elementor-id=\"100\" class=\"elementor elementor-100\">\n\t\t\t\t<div class=\"elementor-element elementor-element-4ac4bef e-flex e-con-boxed e-con e-parent\" data-id=\"4ac4bef\" data-element_type=\"container\">\n\t\t\t\t\t<div class=\"e-con-inner\">\n\t\t<div class=\"elementor-element elementor-element-23b6aff e-con-full e-flex e-con e-child\" data-id=\"23b6aff\" data-element_type=\"container\" data-settings=\"{&quot;background_background&quot;:&quot;classic&quot;}\">\n\t\t\t\t<div class=\"elementor-element elementor-element-cba9a7e elementor-widget elementor-widget-heading\" data-id=\"cba9a7e\" data-element_type=\"widget\" data-widget_type=\"heading.default\">\n\t\t\t\t<div class=\"elementor-widget-container\">\n\t\t\t\t\t<h2 class=\"elementor-heading-title elementor-size-default\">Des solutions adapt\u00e9es \u00e0 vos besoins<\/h2>\t\t\t\t<\/div>\n\t\t\t\t<\/div>\n\t\t\t\t<div class=\"elementor-element elementor-element-fb38180 elementor-widget elementor-widget-text-editor\" data-id=\"fb38180\" data-element_type=\"widget\" data-widget_type=\"text-editor.default\">\n\t\t\t\t<div class=\"elementor-widget-container\">\n\t\t\t\t\t\t\t\t\t<p data-start=\"66\" data-end=\"334\">Chez <strong data-start=\"71\" data-end=\"85\">Help Admin<\/strong>, nous vous proposons des services administratifs flexibles, adapt\u00e9s aux besoins des <strong data-start=\"184\" data-end=\"217\">PME, artisans et ind\u00e9pendants<\/strong>. Que vous ayez besoin d\u2019un accompagnement ponctuel ou d\u2019un suivi r\u00e9gulier, nous avons une offre qui vous convient.<\/p>\t\t\t\t\t\t\t\t<\/div>\n\t\t\t\t<\/div>\n\t\t\t\t<\/div>\n\t\t<div class=\"elementor-element elementor-element-e6d86bf e-con-full e-flex e-con e-child\" data-id=\"e6d86bf\" data-element_type=\"container\">\n\t\t<div class=\"elementor-element elementor-element-d32ba2e e-flex e-con-boxed e-con e-child\" data-id=\"d32ba2e\" data-element_type=\"container\">\n\t\t\t\t\t<div class=\"e-con-inner\">\n\t\t<div class=\"elementor-element elementor-element-735f93b e-con-full e-flex e-con e-child\" data-id=\"735f93b\" data-element_type=\"container\" data-settings=\"{&quot;background_background&quot;:&quot;classic&quot;}\">\n\t\t\t\t<div class=\"elementor-element elementor-element-aec753d elementor-widget elementor-widget-heading\" data-id=\"aec753d\" data-element_type=\"widget\" data-widget_type=\"heading.default\">\n\t\t\t\t<div class=\"elementor-widget-container\">\n\t\t\t\t\t<h2 class=\"elementor-heading-title elementor-size-default\">Intervention \u00e0 la demande<\/h2>\t\t\t\t<\/div>\n\t\t\t\t<\/div>\n\t\t\t\t<div class=\"elementor-element elementor-element-8b22619 elementor-widget elementor-widget-text-editor\" data-id=\"8b22619\" data-element_type=\"widget\" data-widget_type=\"text-editor.default\">\n\t\t\t\t<div class=\"elementor-widget-container\">\n\t\t\t\t\t\t\t\t\t<p>Vous avez un besoin ponctuel pour une mission sp\u00e9cifique ? Nous intervenons <strong data-start=\"486\" data-end=\"499\">\u00e0 l\u2019heure<\/strong>, en fonction de votre charge administrative. Id\u00e9al pour des t\u00e2ches occasionnelles comme :<br data-start=\"589\" data-end=\"592\" \/>\u2714\ufe0f Le classement et l\u2019organisation de vos documents<br data-start=\"643\" data-end=\"646\" \/>\u2714\ufe0f La r\u00e9daction et l\u2019envoi de courriers administratifs<br data-start=\"700\" data-end=\"703\" \/>\u2714\ufe0f La pr\u00e9paration de devis et factures<br data-start=\"741\" data-end=\"744\" \/>\u2714\ufe0f L\u2019assistance pour vos d\u00e9marches aupr\u00e8s des organismes<\/p>\t\t\t\t\t\t\t\t<\/div>\n\t\t\t\t<\/div>\n\t\t\t\t<div class=\"elementor-element elementor-element-01d97fd elementor-widget elementor-widget-heading\" data-id=\"01d97fd\" data-element_type=\"widget\" data-widget_type=\"heading.default\">\n\t\t\t\t<div class=\"elementor-widget-container\">\n\t\t\t\t\t<h2 class=\"elementor-heading-title elementor-size-default\">Tarif : 25\u20ac \/ heure<\/h2>\t\t\t\t<\/div>\n\t\t\t\t<\/div>\n\t\t\t\t<\/div>\n\t\t<div class=\"elementor-element elementor-element-fff4205 e-con-full e-flex e-con e-child\" data-id=\"fff4205\" data-element_type=\"container\" data-settings=\"{&quot;background_background&quot;:&quot;classic&quot;}\">\n\t\t\t\t<div class=\"elementor-element elementor-element-7879b6e elementor-widget elementor-widget-heading\" data-id=\"7879b6e\" data-element_type=\"widget\" data-widget_type=\"heading.default\">\n\t\t\t\t<div class=\"elementor-widget-container\">\n\t\t\t\t\t<h2 class=\"elementor-heading-title elementor-size-default\">Forfait mensuel<\/h2>\t\t\t\t<\/div>\n\t\t\t\t<\/div>\n\t\t\t\t<div class=\"elementor-element elementor-element-0bbe351 elementor-widget elementor-widget-text-editor\" data-id=\"0bbe351\" data-element_type=\"widget\" data-widget_type=\"text-editor.default\">\n\t\t\t\t<div class=\"elementor-widget-container\">\n\t\t\t\t\t\t\t\t\t<p>Pour ceux qui ont besoin d\u2019un accompagnement constant, notre <strong data-start=\"995\" data-end=\"1014\">forfait mensuel<\/strong> vous permet de b\u00e9n\u00e9ficier de <strong data-start=\"1044\" data-end=\"1089\">plusieurs heures d\u2019assistance chaque mois<\/strong>. Ce service est id\u00e9al pour :<br data-start=\"1118\" data-end=\"1121\" \/><img decoding=\"async\" class=\"emoji\" role=\"img\" draggable=\"false\" src=\"https:\/\/s.w.org\/images\/core\/emoji\/15.0.3\/svg\/2714.svg\" alt=\"\u2714\ufe0f\" \/> La gestion continue de votre facturation et de vos r\u00e8glements clients<br data-start=\"1193\" data-end=\"1196\" \/><img decoding=\"async\" class=\"emoji\" role=\"img\" draggable=\"false\" src=\"https:\/\/s.w.org\/images\/core\/emoji\/15.0.3\/svg\/2714.svg\" alt=\"\u2714\ufe0f\" \/> La mise en ordre et le suivi de vos documents<br data-start=\"1255\" data-end=\"1258\" \/><img decoding=\"async\" class=\"emoji\" role=\"img\" draggable=\"false\" src=\"https:\/\/s.w.org\/images\/core\/emoji\/15.0.3\/svg\/2714.svg\" alt=\"\u2714\ufe0f\" \/> L\u2019aide \u00e0 la pr\u00e9paration de vos d\u00e9clarations fiscales<br data-start=\"1313\" data-end=\"1316\" \/><img decoding=\"async\" class=\"emoji\" role=\"img\" draggable=\"false\" src=\"https:\/\/s.w.org\/images\/core\/emoji\/15.0.3\/svg\/2714.svg\" alt=\"\u2714\ufe0f\" \/> La gestion de votre secr\u00e9tariat administratif<\/p>\t\t\t\t\t\t\t\t<\/div>\n\t\t\t\t<\/div>\n\t\t\t\t<div class=\"elementor-element elementor-element-8a98e9f elementor-widget elementor-widget-heading\" data-id=\"8a98e9f\" data-element_type=\"widget\" data-widget_type=\"heading.default\">\n\t\t\t\t<div class=\"elementor-widget-container\">\n\t\t\t\t\t<h2 class=\"elementor-heading-title elementor-size-default\"><strong data-start=\"883\" data-end=\"930\">Tarif : 150\u20ac \/ mois (7 heures d\u2019assistance)<\/strong><\/h2>\t\t\t\t<\/div>\n\t\t\t\t<\/div>\n\t\t\t\t<\/div>\n\t\t\t\t\t<\/div>\n\t\t\t\t<\/div>\n\t\t\t\t<\/div>\n\t\t<div class=\"elementor-element elementor-element-8bdf837 e-con-full e-flex e-con e-child\" data-id=\"8bdf837\" data-element_type=\"container\" data-settings=\"{&quot;background_background&quot;:&quot;classic&quot;}\">\n\t\t\t\t<div class=\"elementor-element elementor-element-f266887 elementor-widget elementor-widget-heading\" data-id=\"f266887\" data-element_type=\"widget\" data-widget_type=\"heading.default\">\n\t\t\t\t<div class=\"elementor-widget-container\">\n\t\t\t\t\t<h2 class=\"elementor-heading-title elementor-size-default\">Vous souhaitez en savoir plus ou obtenir un devis personnalis\u00e9 ?<\/h2>\t\t\t\t<\/div>\n\t\t\t\t<\/div>\n\t\t\t\t<div class=\"elementor-element elementor-element-61305a3 elementor-widget elementor-widget-text-editor\" data-id=\"61305a3\" data-element_type=\"widget\" data-widget_type=\"text-editor.default\">\n\t\t\t\t<div class=\"elementor-widget-container\">\n\t\t\t\t\t\t\t\t\t<p data-start=\"66\" data-end=\"334\"><a href=\"https:\/\/help-admin.com\/index.php\/contact\/\">Contactez-moi<\/a>\u00a0d\u00e8s aujourd\u2019hui pour discuter de vos besoins et trouver la formule qui vous correspond.<\/p>\t\t\t\t\t\t\t\t<\/div>\n\t\t\t\t<\/div>\n\t\t\t\t<\/div>\n\t\t\t\t\t<\/div>\n\t\t\t\t<\/div>\n\t\t\t\t<\/div>\n\t\t","protected":false},"excerpt":{"rendered":"<p>Des solutions adapt\u00e9es \u00e0 vos besoins Chez Help Admin, nous vous proposons des services administratifs flexibles, adapt\u00e9s aux besoins des PME, artisans et ind\u00e9pendants. Que vous ayez besoin d\u2019un accompagnement ponctuel ou d\u2019un suivi r\u00e9gulier, nous avons une offre qui vous convient. Intervention \u00e0 la demande Vous avez un besoin ponctuel pour une mission sp\u00e9cifique [&hellip;]<\/p>\n","protected":false},"author":1,"featured_media":0,"parent":0,"menu_order":0,"comment_status":"closed","ping_status":"closed","template":"","meta":{"ocean_post_layout":"","ocean_both_sidebars_style":"","ocean_both_sidebars_content_width":0,"ocean_both_sidebars_sidebars_width":0,"ocean_sidebar":"","ocean_second_sidebar":"","ocean_disable_margins":"enable","ocean_add_body_class":"","ocean_shortcode_before_top_bar":"","ocean_shortcode_after_top_bar":"","ocean_shortcode_before_header":"","ocean_shortcode_after_header":"","ocean_has_shortcode":"","ocean_shortcode_after_title":"","ocean_shortcode_before_footer_widgets":"","ocean_shortcode_after_footer_widgets":"","ocean_shortcode_before_footer_bottom":"","ocean_shortcode_after_footer_bottom":"","ocean_display_top_bar":"default","ocean_display_header":"default","ocean_header_style":"","ocean_center_header_left_menu":"","ocean_custom_header_template":"","ocean_custom_logo":0,"ocean_custom_retina_logo":0,"ocean_custom_logo_max_width":0,"ocean_custom_logo_tablet_max_width":0,"ocean_custom_logo_mobile_max_width":0,"ocean_custom_logo_max_height":0,"ocean_custom_logo_tablet_max_height":0,"ocean_custom_logo_mobile_max_height":0,"ocean_header_custom_menu":"","ocean_menu_typo_font_family":"","ocean_menu_typo_font_subset":"","ocean_menu_typo_font_size":0,"ocean_menu_typo_font_size_tablet":0,"ocean_menu_typo_font_size_mobile":0,"ocean_menu_typo_font_size_unit":"px","ocean_menu_typo_font_weight":"","ocean_menu_typo_font_weight_tablet":"","ocean_menu_typo_font_weight_mobile":"","ocean_menu_typo_transform":"","ocean_menu_typo_transform_tablet":"","ocean_menu_typo_transform_mobile":"","ocean_menu_typo_line_height":0,"ocean_menu_typo_line_height_tablet":0,"ocean_menu_typo_line_height_mobile":0,"ocean_menu_typo_line_height_unit":"","ocean_menu_typo_spacing":0,"ocean_menu_typo_spacing_tablet":0,"ocean_menu_typo_spacing_mobile":0,"ocean_menu_typo_spacing_unit":"","ocean_menu_link_color":"","ocean_menu_link_color_hover":"","ocean_menu_link_color_active":"","ocean_menu_link_background":"","ocean_menu_link_hover_background":"","ocean_menu_link_active_background":"","ocean_menu_social_links_bg":"","ocean_menu_social_hover_links_bg":"","ocean_menu_social_links_color":"","ocean_menu_social_hover_links_color":"","ocean_disable_title":"default","ocean_disable_heading":"default","ocean_post_title":"","ocean_post_subheading":"","ocean_post_title_style":"","ocean_post_title_background_color":"","ocean_post_title_background":0,"ocean_post_title_bg_image_position":"","ocean_post_title_bg_image_attachment":"","ocean_post_title_bg_image_repeat":"","ocean_post_title_bg_image_size":"","ocean_post_title_height":0,"ocean_post_title_bg_overlay":0.5,"ocean_post_title_bg_overlay_color":"","ocean_disable_breadcrumbs":"default","ocean_breadcrumbs_color":"","ocean_breadcrumbs_separator_color":"","ocean_breadcrumbs_links_color":"","ocean_breadcrumbs_links_hover_color":"","ocean_display_footer_widgets":"default","ocean_display_footer_bottom":"default","ocean_custom_footer_template":"","footnotes":""},"class_list":["post-100","page","type-page","status-publish","hentry","entry"],"yoast_head":"<!-- This site is optimized with the Yoast SEO plugin v24.4 - https:\/\/yoast.com\/wordpress\/plugins\/seo\/ -->\n<title>Tarifs - Help-admin<\/title>\n<meta name=\"robots\" content=\"index, follow, max-snippet:-1, max-image-preview:large, max-video-preview:-1\" \/>\n<link rel=\"canonical\" href=\"https:\/\/help-admin.com\/index.php\/tarifs\/\" \/>\n<meta property=\"og:locale\" content=\"fr_FR\" \/>\n<meta property=\"og:type\" content=\"article\" \/>\n<meta property=\"og:title\" content=\"Tarifs - Help-admin\" \/>\n<meta property=\"og:description\" content=\"Des solutions adapt\u00e9es \u00e0 vos besoins Chez Help Admin, nous vous proposons des services administratifs flexibles, adapt\u00e9s aux besoins des PME, artisans et ind\u00e9pendants. Que vous ayez besoin d\u2019un accompagnement ponctuel ou d\u2019un suivi r\u00e9gulier, nous avons une offre qui vous convient. Intervention \u00e0 la demande Vous avez un besoin ponctuel pour une mission sp\u00e9cifique [&hellip;]\" \/>\n<meta property=\"og:url\" content=\"https:\/\/help-admin.com\/index.php\/tarifs\/\" \/>\n<meta property=\"og:site_name\" content=\"Help-admin\" \/>\n<meta property=\"article:modified_time\" content=\"2025-03-07T14:29:52+00:00\" \/>\n<meta property=\"og:image\" content=\"https:\/\/s.w.org\/images\/core\/emoji\/15.0.3\/svg\/2714.svg\" \/>\n<meta name=\"twitter:card\" content=\"summary_large_image\" \/>\n<meta name=\"twitter:label1\" content=\"Dur\u00e9e de lecture estim\u00e9e\" \/>\n\t<meta name=\"twitter:data1\" content=\"3 minutes\" \/>\n<script type=\"application\/ld+json\" class=\"yoast-schema-graph\">{\"@context\":\"https:\/\/schema.org\",\"@graph\":[{\"@type\":\"WebPage\",\"@id\":\"https:\/\/help-admin.com\/index.php\/tarifs\/\",\"url\":\"https:\/\/help-admin.com\/index.php\/tarifs\/\",\"name\":\"Tarifs - Help-admin\",\"isPartOf\":{\"@id\":\"https:\/\/help-admin.com\/#website\"},\"primaryImageOfPage\":{\"@id\":\"https:\/\/help-admin.com\/index.php\/tarifs\/#primaryimage\"},\"image\":{\"@id\":\"https:\/\/help-admin.com\/index.php\/tarifs\/#primaryimage\"},\"thumbnailUrl\":\"https:\/\/s.w.org\/images\/core\/emoji\/15.0.3\/svg\/2714.svg\",\"datePublished\":\"2025-02-07T04:38:24+00:00\",\"dateModified\":\"2025-03-07T14:29:52+00:00\",\"breadcrumb\":{\"@id\":\"https:\/\/help-admin.com\/index.php\/tarifs\/#breadcrumb\"},\"inLanguage\":\"fr-FR\",\"potentialAction\":[{\"@type\":\"ReadAction\",\"target\":[\"https:\/\/help-admin.com\/index.php\/tarifs\/\"]}]},{\"@type\":\"ImageObject\",\"inLanguage\":\"fr-FR\",\"@id\":\"https:\/\/help-admin.com\/index.php\/tarifs\/#primaryimage\",\"url\":\"https:\/\/s.w.org\/images\/core\/emoji\/15.0.3\/svg\/2714.svg\",\"contentUrl\":\"https:\/\/s.w.org\/images\/core\/emoji\/15.0.3\/svg\/2714.svg\"},{\"@type\":\"BreadcrumbList\",\"@id\":\"https:\/\/help-admin.com\/index.php\/tarifs\/#breadcrumb\",\"itemListElement\":[{\"@type\":\"ListItem\",\"position\":1,\"name\":\"Accueil\",\"item\":\"https:\/\/help-admin.com\/\"},{\"@type\":\"ListItem\",\"position\":2,\"name\":\"Tarifs\"}]},{\"@type\":\"WebSite\",\"@id\":\"https:\/\/help-admin.com\/#website\",\"url\":\"https:\/\/help-admin.com\/\",\"name\":\"Help-admin\",\"description\":\"\",\"publisher\":{\"@id\":\"https:\/\/help-admin.com\/#organization\"},\"potentialAction\":[{\"@type\":\"SearchAction\",\"target\":{\"@type\":\"EntryPoint\",\"urlTemplate\":\"https:\/\/help-admin.com\/?s={search_term_string}\"},\"query-input\":{\"@type\":\"PropertyValueSpecification\",\"valueRequired\":true,\"valueName\":\"search_term_string\"}}],\"inLanguage\":\"fr-FR\"},{\"@type\":\"Organization\",\"@id\":\"https:\/\/help-admin.com\/#organization\",\"name\":\"Help-admin\",\"url\":\"https:\/\/help-admin.com\/\",\"logo\":{\"@type\":\"ImageObject\",\"inLanguage\":\"fr-FR\",\"@id\":\"https:\/\/help-admin.com\/#\/schema\/logo\/image\/\",\"url\":\"https:\/\/help-admin.com\/wp-content\/uploads\/2025\/03\/cropped-logo-help-admin-redim-scaled-1.jpg\",\"contentUrl\":\"https:\/\/help-admin.com\/wp-content\/uploads\/2025\/03\/cropped-logo-help-admin-redim-scaled-1.jpg\",\"width\":1855,\"height\":901,\"caption\":\"Help-admin\"},\"image\":{\"@id\":\"https:\/\/help-admin.com\/#\/schema\/logo\/image\/\"}}]}<\/script>\n<!-- \/ Yoast SEO plugin. -->","yoast_head_json":{"title":"Tarifs - Help-admin","robots":{"index":"index","follow":"follow","max-snippet":"max-snippet:-1","max-image-preview":"max-image-preview:large","max-video-preview":"max-video-preview:-1"},"canonical":"https:\/\/help-admin.com\/index.php\/tarifs\/","og_locale":"fr_FR","og_type":"article","og_title":"Tarifs - Help-admin","og_description":"Des solutions adapt\u00e9es \u00e0 vos besoins Chez Help Admin, nous vous proposons des services administratifs flexibles, adapt\u00e9s aux besoins des PME, artisans et ind\u00e9pendants. Que vous ayez besoin d\u2019un accompagnement ponctuel ou d\u2019un suivi r\u00e9gulier, nous avons une offre qui vous convient. Intervention \u00e0 la demande Vous avez un besoin ponctuel pour une mission sp\u00e9cifique [&hellip;]","og_url":"https:\/\/help-admin.com\/index.php\/tarifs\/","og_site_name":"Help-admin","article_modified_time":"2025-03-07T14:29:52+00:00","og_image":[{"url":"https:\/\/s.w.org\/images\/core\/emoji\/15.0.3\/svg\/2714.svg","type":"","width":"","height":""}],"twitter_card":"summary_large_image","twitter_misc":{"Dur\u00e9e de lecture estim\u00e9e":"3 minutes"},"schema":{"@context":"https:\/\/schema.org","@graph":[{"@type":"WebPage","@id":"https:\/\/help-admin.com\/index.php\/tarifs\/","url":"https:\/\/help-admin.com\/index.php\/tarifs\/","name":"Tarifs - Help-admin","isPartOf":{"@id":"https:\/\/help-admin.com\/#website"},"primaryImageOfPage":{"@id":"https:\/\/help-admin.com\/index.php\/tarifs\/#primaryimage"},"image":{"@id":"https:\/\/help-admin.com\/index.php\/tarifs\/#primaryimage"},"thumbnailUrl":"https:\/\/s.w.org\/images\/core\/emoji\/15.0.3\/svg\/2714.svg","datePublished":"2025-02-07T04:38:24+00:00","dateModified":"2025-03-07T14:29:52+00:00","breadcrumb":{"@id":"https:\/\/help-admin.com\/index.php\/tarifs\/#breadcrumb"},"inLanguage":"fr-FR","potentialAction":[{"@type":"ReadAction","target":["https:\/\/help-admin.com\/index.php\/tarifs\/"]}]},{"@type":"ImageObject","inLanguage":"fr-FR","@id":"https:\/\/help-admin.com\/index.php\/tarifs\/#primaryimage","url":"https:\/\/s.w.org\/images\/core\/emoji\/15.0.3\/svg\/2714.svg","contentUrl":"https:\/\/s.w.org\/images\/core\/emoji\/15.0.3\/svg\/2714.svg"},{"@type":"BreadcrumbList","@id":"https:\/\/help-admin.com\/index.php\/tarifs\/#breadcrumb","itemListElement":[{"@type":"ListItem","position":1,"name":"Accueil","item":"https:\/\/help-admin.com\/"},{"@type":"ListItem","position":2,"name":"Tarifs"}]},{"@type":"WebSite","@id":"https:\/\/help-admin.com\/#website","url":"https:\/\/help-admin.com\/","name":"Help-admin","description":"","publisher":{"@id":"https:\/\/help-admin.com\/#organization"},"potentialAction":[{"@type":"SearchAction","target":{"@type":"EntryPoint","urlTemplate":"https:\/\/help-admin.com\/?s={search_term_string}"},"query-input":{"@type":"PropertyValueSpecification","valueRequired":true,"valueName":"search_term_string"}}],"inLanguage":"fr-FR"},{"@type":"Organization","@id":"https:\/\/help-admin.com\/#organization","name":"Help-admin","url":"https:\/\/help-admin.com\/","logo":{"@type":"ImageObject","inLanguage":"fr-FR","@id":"https:\/\/help-admin.com\/#\/schema\/logo\/image\/","url":"https:\/\/help-admin.com\/wp-content\/uploads\/2025\/03\/cropped-logo-help-admin-redim-scaled-1.jpg","contentUrl":"https:\/\/help-admin.com\/wp-content\/uploads\/2025\/03\/cropped-logo-help-admin-redim-scaled-1.jpg","width":1855,"height":901,"caption":"Help-admin"},"image":{"@id":"https:\/\/help-admin.com\/#\/schema\/logo\/image\/"}}]}},"_links":{"self":[{"href":"https:\/\/help-admin.com\/index.php\/wp-json\/wp\/v2\/pages\/100","targetHints":{"allow":["GET"]}}],"collection":[{"href":"https:\/\/help-admin.com\/index.php\/wp-json\/wp\/v2\/pages"}],"about":[{"href":"https:\/\/help-admin.com\/index.php\/wp-json\/wp\/v2\/types\/page"}],"author":[{"embeddable":true,"href":"https:\/\/help-admin.com\/index.php\/wp-json\/wp\/v2\/users\/1"}],"replies":[{"embeddable":true,"href":"https:\/\/help-admin.com\/index.php\/wp-json\/wp\/v2\/comments?post=100"}],"version-history":[{"count":7,"href":"https:\/\/help-admin.com\/index.php\/wp-json\/wp\/v2\/pages\/100\/revisions"}],"predecessor-version":[{"id":277,"href":"https:\/\/help-admin.com\/index.php\/wp-json\/wp\/v2\/pages\/100\/revisions\/277"}],"wp:attachment":[{"href":"https:\/\/help-admin.com\/index.php\/wp-json\/wp\/v2\/media?parent=100"}],"curies":[{"name":"wp","href":"https:\/\/api.w.org\/{rel}","templated":true}]}}