{"id":83,"date":"2025-02-07T05:25:01","date_gmt":"2025-02-07T04:25:01","guid":{"rendered":"https:\/\/help-admin.com\/?page_id=83"},"modified":"2025-03-10T18:32:21","modified_gmt":"2025-03-10T17:32:21","slug":"a-propos","status":"publish","type":"page","link":"https:\/\/help-admin.com\/index.php\/a-propos\/","title":{"rendered":"A propos"},"content":{"rendered":"\t\t<div data-elementor-type=\"wp-page\" data-elementor-id=\"83\" class=\"elementor elementor-83\">\n\t\t\t\t<div class=\"elementor-element elementor-element-709dd60 e-flex e-con-boxed e-con e-parent\" data-id=\"709dd60\" data-element_type=\"container\">\n\t\t\t\t\t<div class=\"e-con-inner\">\n\t\t<div class=\"elementor-element elementor-element-9ceed34 e-con-full e-flex e-con e-child\" data-id=\"9ceed34\" data-element_type=\"container\" data-settings=\"{&quot;background_background&quot;:&quot;classic&quot;}\">\n\t\t\t\t<div class=\"elementor-element elementor-element-6bd3cf1 elementor-widget elementor-widget-heading\" data-id=\"6bd3cf1\" data-element_type=\"widget\" data-widget_type=\"heading.default\">\n\t\t\t\t<div class=\"elementor-widget-container\">\n\t\t\t\t\t<h2 class=\"elementor-heading-title elementor-size-default\">Une expertise administrative au service des entrepreneurs<\/h2>\t\t\t\t<\/div>\n\t\t\t\t<\/div>\n\t\t\t\t<div class=\"elementor-element elementor-element-2eb481c elementor-widget__width-initial elementor-widget elementor-widget-text-editor\" data-id=\"2eb481c\" data-element_type=\"widget\" data-widget_type=\"text-editor.default\">\n\t\t\t\t<div class=\"elementor-widget-container\">\n\t\t\t\t\t\t\t\t\t<p data-start=\"85\" data-end=\"448\">Apr\u00e8s une <strong data-start=\"95\" data-end=\"135\">reconversion professionnelle r\u00e9ussie<\/strong>, je me suis lanc\u00e9e dans le domaine de la comptabilit\u00e9 il y a maintenant <strong data-start=\"208\" data-end=\"217\">4 ans<\/strong>. Forte de cette exp\u00e9rience, moi, <strong data-start=\"251\" data-end=\"272\">Isabelle Birebont<\/strong>, j\u2019ai d\u00e9cid\u00e9 de mettre mes comp\u00e9tences au service des <strong data-start=\"327\" data-end=\"360\">PME, artisans et ind\u00e9pendants<\/strong>, afin de leur offrir un accompagnement administratif et comptable fiable et efficace.<\/p>\n<p data-start=\"450\" data-end=\"630\">Mon objectif ? <strong data-start=\"465\" data-end=\"525\">Vous lib\u00e9rer du temps et des contraintes administratives<\/strong> pour que vous puissiez vous concentrer pleinement sur le d\u00e9veloppement de votre activit\u00e9, sans stress.<\/p>\n<p data-start=\"632\" data-end=\"924\">Gr\u00e2ce \u00e0 <strong data-start=\"640\" data-end=\"654\">Help Admin<\/strong>, je vous propose des solutions adapt\u00e9es \u00e0 vos besoins : <strong data-start=\"711\" data-end=\"813\">gestion des documents, facturation, d\u00e9marches administratives et bien plus encore<\/strong>. Avec rigueur, discr\u00e9tion et r\u00e9activit\u00e9, je vous accompagne dans la gestion quotidienne de votre entreprise.<\/p>\n<p data-start=\"926\" data-end=\"979\"><img decoding=\"async\" draggable=\"false\" role=\"img\" class=\"emoji\" alt=\"\u2728\" src=\"https:\/\/s.w.org\/images\/core\/emoji\/15.0.3\/svg\/2728.svg\"> <strong data-start=\"928\" data-end=\"975\">Gagnez du temps, d\u00e9l\u00e9guez l\u2019administratif !<\/strong> <img decoding=\"async\" draggable=\"false\" role=\"img\" class=\"emoji\" alt=\"\u2728\" src=\"https:\/\/s.w.org\/images\/core\/emoji\/15.0.3\/svg\/2728.svg\"><\/p>\n<p data-start=\"981\" data-end=\"1064\" data-is-last-node=\"\" data-is-only-node=\"\"><img decoding=\"async\" draggable=\"false\" role=\"img\" class=\"emoji\" alt=\"\ud83d\udcde\" src=\"https:\/\/s.w.org\/images\/core\/emoji\/15.0.3\/svg\/1f4de.svg\"> <strong data-start=\"984\" data-end=\"1016\">Besoin d\u2019un accompagnement ?<\/strong> <a href=\"https:\/\/help-admin.com\/index.php\/contact\/\">Contactez-moi<\/a> d\u00e8s aujourd\u2019hui pour en discuter.<\/p>\t\t\t\t\t\t\t\t<\/div>\n\t\t\t\t<\/div>\n\t\t\t\t<\/div>\n\t\t<div class=\"elementor-element elementor-element-043cd3d e-con-full e-flex e-con e-child\" data-id=\"043cd3d\" data-element_type=\"container\">\n\t\t<div class=\"elementor-element elementor-element-0d0b192 e-con-full e-flex e-con e-child\" data-id=\"0d0b192\" data-element_type=\"container\">\n\t\t\t\t<div class=\"elementor-element elementor-element-0f50278 elementor-widget elementor-widget-image\" data-id=\"0f50278\" data-element_type=\"widget\" data-widget_type=\"image.default\">\n\t\t\t\t<div class=\"elementor-widget-container\">\n\t\t\t\t\t\t\t\t\t\t\t\t\t\t\t<img fetchpriority=\"high\" decoding=\"async\" width=\"272\" height=\"288\" src=\"https:\/\/help-admin.com\/wp-content\/uploads\/2025\/03\/395999198_10228236828457803_2001022716655693457_n.jpg\" class=\"attachment-large size-large wp-image-161\" alt=\"\" \/>\t\t\t\t\t\t\t\t\t\t\t\t\t\t\t<\/div>\n\t\t\t\t<\/div>\n\t\t\t\t<\/div>\n\t\t<div class=\"elementor-element elementor-element-77be40f e-con-full e-flex e-con e-child\" data-id=\"77be40f\" data-element_type=\"container\">\n\t\t\t\t<\/div>\n\t\t\t\t<\/div>\n\t\t\t\t\t<\/div>\n\t\t\t\t<\/div>\n\t\t<div class=\"elementor-element elementor-element-3e76d4a e-flex e-con-boxed e-con e-parent\" data-id=\"3e76d4a\" data-element_type=\"container\">\n\t\t\t\t\t<div class=\"e-con-inner\">\n\t\t\t\t\t<\/div>\n\t\t\t\t<\/div>\n\t\t\t\t<\/div>\n\t\t","protected":false},"excerpt":{"rendered":"<p>Une expertise administrative au service des entrepreneurs Apr\u00e8s une reconversion professionnelle r\u00e9ussie, je me suis lanc\u00e9e dans le domaine de la comptabilit\u00e9 il y a maintenant 4 ans. Forte de cette exp\u00e9rience, moi, Isabelle Birebont, j\u2019ai d\u00e9cid\u00e9 de mettre mes comp\u00e9tences au service des PME, artisans et ind\u00e9pendants, afin de leur offrir un accompagnement administratif [&hellip;]<\/p>\n","protected":false},"author":1,"featured_media":0,"parent":0,"menu_order":0,"comment_status":"closed","ping_status":"closed","template":"","meta":{"ocean_post_layout":"","ocean_both_sidebars_style":"","ocean_both_sidebars_content_width":0,"ocean_both_sidebars_sidebars_width":0,"ocean_sidebar":"","ocean_second_sidebar":"","ocean_disable_margins":"enable","ocean_add_body_class":"","ocean_shortcode_before_top_bar":"","ocean_shortcode_after_top_bar":"","ocean_shortcode_before_header":"","ocean_shortcode_after_header":"","ocean_has_shortcode":"","ocean_shortcode_after_title":"","ocean_shortcode_before_footer_widgets":"","ocean_shortcode_after_footer_widgets":"","ocean_shortcode_before_footer_bottom":"","ocean_shortcode_after_footer_bottom":"","ocean_display_top_bar":"default","ocean_display_header":"default","ocean_header_style":"","ocean_center_header_left_menu":"","ocean_custom_header_template":"","ocean_custom_logo":0,"ocean_custom_retina_logo":0,"ocean_custom_logo_max_width":0,"ocean_custom_logo_tablet_max_width":0,"ocean_custom_logo_mobile_max_width":0,"ocean_custom_logo_max_height":0,"ocean_custom_logo_tablet_max_height":0,"ocean_custom_logo_mobile_max_height":0,"ocean_header_custom_menu":"","ocean_menu_typo_font_family":"","ocean_menu_typo_font_subset":"","ocean_menu_typo_font_size":0,"ocean_menu_typo_font_size_tablet":0,"ocean_menu_typo_font_size_mobile":0,"ocean_menu_typo_font_size_unit":"px","ocean_menu_typo_font_weight":"","ocean_menu_typo_font_weight_tablet":"","ocean_menu_typo_font_weight_mobile":"","ocean_menu_typo_transform":"","ocean_menu_typo_transform_tablet":"","ocean_menu_typo_transform_mobile":"","ocean_menu_typo_line_height":0,"ocean_menu_typo_line_height_tablet":0,"ocean_menu_typo_line_height_mobile":0,"ocean_menu_typo_line_height_unit":"","ocean_menu_typo_spacing":0,"ocean_menu_typo_spacing_tablet":0,"ocean_menu_typo_spacing_mobile":0,"ocean_menu_typo_spacing_unit":"","ocean_menu_link_color":"","ocean_menu_link_color_hover":"","ocean_menu_link_color_active":"","ocean_menu_link_background":"","ocean_menu_link_hover_background":"","ocean_menu_link_active_background":"","ocean_menu_social_links_bg":"","ocean_menu_social_hover_links_bg":"","ocean_menu_social_links_color":"","ocean_menu_social_hover_links_color":"","ocean_disable_title":"default","ocean_disable_heading":"default","ocean_post_title":"","ocean_post_subheading":"","ocean_post_title_style":"","ocean_post_title_background_color":"","ocean_post_title_background":0,"ocean_post_title_bg_image_position":"","ocean_post_title_bg_image_attachment":"","ocean_post_title_bg_image_repeat":"","ocean_post_title_bg_image_size":"","ocean_post_title_height":0,"ocean_post_title_bg_overlay":0.5,"ocean_post_title_bg_overlay_color":"","ocean_disable_breadcrumbs":"default","ocean_breadcrumbs_color":"","ocean_breadcrumbs_separator_color":"","ocean_breadcrumbs_links_color":"","ocean_breadcrumbs_links_hover_color":"","ocean_display_footer_widgets":"default","ocean_display_footer_bottom":"default","ocean_custom_footer_template":"","footnotes":""},"class_list":["post-83","page","type-page","status-publish","hentry","entry"],"yoast_head":"<!-- This site is optimized with the Yoast SEO plugin v24.4 - https:\/\/yoast.com\/wordpress\/plugins\/seo\/ -->\n<title>A propos - Help-admin<\/title>\n<meta name=\"robots\" content=\"index, follow, max-snippet:-1, max-image-preview:large, max-video-preview:-1\" \/>\n<link rel=\"canonical\" href=\"https:\/\/help-admin.com\/index.php\/a-propos\/\" \/>\n<meta property=\"og:locale\" content=\"fr_FR\" \/>\n<meta property=\"og:type\" content=\"article\" \/>\n<meta property=\"og:title\" content=\"A propos - Help-admin\" \/>\n<meta property=\"og:description\" content=\"Une expertise administrative au service des entrepreneurs Apr\u00e8s une reconversion professionnelle r\u00e9ussie, je me suis lanc\u00e9e dans le domaine de la comptabilit\u00e9 il y a maintenant 4 ans. Forte de cette exp\u00e9rience, moi, Isabelle Birebont, j\u2019ai d\u00e9cid\u00e9 de mettre mes comp\u00e9tences au service des PME, artisans et ind\u00e9pendants, afin de leur offrir un accompagnement administratif [&hellip;]\" \/>\n<meta property=\"og:url\" content=\"https:\/\/help-admin.com\/index.php\/a-propos\/\" \/>\n<meta property=\"og:site_name\" content=\"Help-admin\" \/>\n<meta property=\"article:modified_time\" content=\"2025-03-10T17:32:21+00:00\" \/>\n<meta property=\"og:image\" content=\"https:\/\/s.w.org\/images\/core\/emoji\/15.0.3\/svg\/2728.svg\" \/>\n<meta name=\"twitter:card\" content=\"summary_large_image\" \/>\n<meta name=\"twitter:label1\" content=\"Dur\u00e9e de lecture estim\u00e9e\" \/>\n\t<meta name=\"twitter:data1\" content=\"2 minutes\" \/>\n<script type=\"application\/ld+json\" class=\"yoast-schema-graph\">{\"@context\":\"https:\/\/schema.org\",\"@graph\":[{\"@type\":\"WebPage\",\"@id\":\"https:\/\/help-admin.com\/index.php\/a-propos\/\",\"url\":\"https:\/\/help-admin.com\/index.php\/a-propos\/\",\"name\":\"A propos - Help-admin\",\"isPartOf\":{\"@id\":\"https:\/\/help-admin.com\/#website\"},\"primaryImageOfPage\":{\"@id\":\"https:\/\/help-admin.com\/index.php\/a-propos\/#primaryimage\"},\"image\":{\"@id\":\"https:\/\/help-admin.com\/index.php\/a-propos\/#primaryimage\"},\"thumbnailUrl\":\"https:\/\/s.w.org\/images\/core\/emoji\/15.0.3\/svg\/2728.svg\",\"datePublished\":\"2025-02-07T04:25:01+00:00\",\"dateModified\":\"2025-03-10T17:32:21+00:00\",\"breadcrumb\":{\"@id\":\"https:\/\/help-admin.com\/index.php\/a-propos\/#breadcrumb\"},\"inLanguage\":\"fr-FR\",\"potentialAction\":[{\"@type\":\"ReadAction\",\"target\":[\"https:\/\/help-admin.com\/index.php\/a-propos\/\"]}]},{\"@type\":\"ImageObject\",\"inLanguage\":\"fr-FR\",\"@id\":\"https:\/\/help-admin.com\/index.php\/a-propos\/#primaryimage\",\"url\":\"https:\/\/s.w.org\/images\/core\/emoji\/15.0.3\/svg\/2728.svg\",\"contentUrl\":\"https:\/\/s.w.org\/images\/core\/emoji\/15.0.3\/svg\/2728.svg\"},{\"@type\":\"BreadcrumbList\",\"@id\":\"https:\/\/help-admin.com\/index.php\/a-propos\/#breadcrumb\",\"itemListElement\":[{\"@type\":\"ListItem\",\"position\":1,\"name\":\"Accueil\",\"item\":\"https:\/\/help-admin.com\/\"},{\"@type\":\"ListItem\",\"position\":2,\"name\":\"A propos\"}]},{\"@type\":\"WebSite\",\"@id\":\"https:\/\/help-admin.com\/#website\",\"url\":\"https:\/\/help-admin.com\/\",\"name\":\"Help-admin\",\"description\":\"\",\"publisher\":{\"@id\":\"https:\/\/help-admin.com\/#organization\"},\"potentialAction\":[{\"@type\":\"SearchAction\",\"target\":{\"@type\":\"EntryPoint\",\"urlTemplate\":\"https:\/\/help-admin.com\/?s={search_term_string}\"},\"query-input\":{\"@type\":\"PropertyValueSpecification\",\"valueRequired\":true,\"valueName\":\"search_term_string\"}}],\"inLanguage\":\"fr-FR\"},{\"@type\":\"Organization\",\"@id\":\"https:\/\/help-admin.com\/#organization\",\"name\":\"Help-admin\",\"url\":\"https:\/\/help-admin.com\/\",\"logo\":{\"@type\":\"ImageObject\",\"inLanguage\":\"fr-FR\",\"@id\":\"https:\/\/help-admin.com\/#\/schema\/logo\/image\/\",\"url\":\"https:\/\/help-admin.com\/wp-content\/uploads\/2025\/03\/cropped-logo-help-admin-redim-scaled-1.jpg\",\"contentUrl\":\"https:\/\/help-admin.com\/wp-content\/uploads\/2025\/03\/cropped-logo-help-admin-redim-scaled-1.jpg\",\"width\":1855,\"height\":901,\"caption\":\"Help-admin\"},\"image\":{\"@id\":\"https:\/\/help-admin.com\/#\/schema\/logo\/image\/\"}}]}<\/script>\n<!-- \/ Yoast SEO plugin. -->","yoast_head_json":{"title":"A propos - Help-admin","robots":{"index":"index","follow":"follow","max-snippet":"max-snippet:-1","max-image-preview":"max-image-preview:large","max-video-preview":"max-video-preview:-1"},"canonical":"https:\/\/help-admin.com\/index.php\/a-propos\/","og_locale":"fr_FR","og_type":"article","og_title":"A propos - Help-admin","og_description":"Une expertise administrative au service des entrepreneurs Apr\u00e8s une reconversion professionnelle r\u00e9ussie, je me suis lanc\u00e9e dans le domaine de la comptabilit\u00e9 il y a maintenant 4 ans. Forte de cette exp\u00e9rience, moi, Isabelle Birebont, j\u2019ai d\u00e9cid\u00e9 de mettre mes comp\u00e9tences au service des PME, artisans et ind\u00e9pendants, afin de leur offrir un accompagnement administratif [&hellip;]","og_url":"https:\/\/help-admin.com\/index.php\/a-propos\/","og_site_name":"Help-admin","article_modified_time":"2025-03-10T17:32:21+00:00","og_image":[{"url":"https:\/\/s.w.org\/images\/core\/emoji\/15.0.3\/svg\/2728.svg","type":"","width":"","height":""}],"twitter_card":"summary_large_image","twitter_misc":{"Dur\u00e9e de lecture estim\u00e9e":"2 minutes"},"schema":{"@context":"https:\/\/schema.org","@graph":[{"@type":"WebPage","@id":"https:\/\/help-admin.com\/index.php\/a-propos\/","url":"https:\/\/help-admin.com\/index.php\/a-propos\/","name":"A propos - Help-admin","isPartOf":{"@id":"https:\/\/help-admin.com\/#website"},"primaryImageOfPage":{"@id":"https:\/\/help-admin.com\/index.php\/a-propos\/#primaryimage"},"image":{"@id":"https:\/\/help-admin.com\/index.php\/a-propos\/#primaryimage"},"thumbnailUrl":"https:\/\/s.w.org\/images\/core\/emoji\/15.0.3\/svg\/2728.svg","datePublished":"2025-02-07T04:25:01+00:00","dateModified":"2025-03-10T17:32:21+00:00","breadcrumb":{"@id":"https:\/\/help-admin.com\/index.php\/a-propos\/#breadcrumb"},"inLanguage":"fr-FR","potentialAction":[{"@type":"ReadAction","target":["https:\/\/help-admin.com\/index.php\/a-propos\/"]}]},{"@type":"ImageObject","inLanguage":"fr-FR","@id":"https:\/\/help-admin.com\/index.php\/a-propos\/#primaryimage","url":"https:\/\/s.w.org\/images\/core\/emoji\/15.0.3\/svg\/2728.svg","contentUrl":"https:\/\/s.w.org\/images\/core\/emoji\/15.0.3\/svg\/2728.svg"},{"@type":"BreadcrumbList","@id":"https:\/\/help-admin.com\/index.php\/a-propos\/#breadcrumb","itemListElement":[{"@type":"ListItem","position":1,"name":"Accueil","item":"https:\/\/help-admin.com\/"},{"@type":"ListItem","position":2,"name":"A propos"}]},{"@type":"WebSite","@id":"https:\/\/help-admin.com\/#website","url":"https:\/\/help-admin.com\/","name":"Help-admin","description":"","publisher":{"@id":"https:\/\/help-admin.com\/#organization"},"potentialAction":[{"@type":"SearchAction","target":{"@type":"EntryPoint","urlTemplate":"https:\/\/help-admin.com\/?s={search_term_string}"},"query-input":{"@type":"PropertyValueSpecification","valueRequired":true,"valueName":"search_term_string"}}],"inLanguage":"fr-FR"},{"@type":"Organization","@id":"https:\/\/help-admin.com\/#organization","name":"Help-admin","url":"https:\/\/help-admin.com\/","logo":{"@type":"ImageObject","inLanguage":"fr-FR","@id":"https:\/\/help-admin.com\/#\/schema\/logo\/image\/","url":"https:\/\/help-admin.com\/wp-content\/uploads\/2025\/03\/cropped-logo-help-admin-redim-scaled-1.jpg","contentUrl":"https:\/\/help-admin.com\/wp-content\/uploads\/2025\/03\/cropped-logo-help-admin-redim-scaled-1.jpg","width":1855,"height":901,"caption":"Help-admin"},"image":{"@id":"https:\/\/help-admin.com\/#\/schema\/logo\/image\/"}}]}},"_links":{"self":[{"href":"https:\/\/help-admin.com\/index.php\/wp-json\/wp\/v2\/pages\/83","targetHints":{"allow":["GET"]}}],"collection":[{"href":"https:\/\/help-admin.com\/index.php\/wp-json\/wp\/v2\/pages"}],"about":[{"href":"https:\/\/help-admin.com\/index.php\/wp-json\/wp\/v2\/types\/page"}],"author":[{"embeddable":true,"href":"https:\/\/help-admin.com\/index.php\/wp-json\/wp\/v2\/users\/1"}],"replies":[{"embeddable":true,"href":"https:\/\/help-admin.com\/index.php\/wp-json\/wp\/v2\/comments?post=83"}],"version-history":[{"count":10,"href":"https:\/\/help-admin.com\/index.php\/wp-json\/wp\/v2\/pages\/83\/revisions"}],"predecessor-version":[{"id":291,"href":"https:\/\/help-admin.com\/index.php\/wp-json\/wp\/v2\/pages\/83\/revisions\/291"}],"wp:attachment":[{"href":"https:\/\/help-admin.com\/index.php\/wp-json\/wp\/v2\/media?parent=83"}],"curies":[{"name":"wp","href":"https:\/\/api.w.org\/{rel}","templated":true}]}}